{"id":109,"date":"2021-07-06T18:24:00","date_gmt":"2021-07-06T18:24:00","guid":{"rendered":"http:\/\/s877794110.online.de\/?page_id=109"},"modified":"2023-12-15T10:22:48","modified_gmt":"2023-12-15T09:22:48","slug":"downloads","status":"publish","type":"page","link":"https:\/\/hegering-everswinkel.de\/index.php\/downloads\/","title":{"rendered":"Downloads\/Links"},"content":{"rendered":"\n<div class=\"wp-block-material-cards-collection alignwide\" id=\"block-material-cards-collection-12\"><div class=\"mdc-layout-grid layout-grid\"><div class=\"mdc-layout-grid__inner\"><div class=\"card-container mdc-layout-grid__cell--span-6\"><div class=\"mdc-card material-design-card\"><div class=\"mdc-card__primary-action material-design-card__primary-action mdc-ripple-upgraded\" tabindex=\"0\"><div class=\"material-design-card__primary\"><h2 class=\"material-design-card__title title-large\">Beitrittserkl\u00e4rung<\/h2><h3 class=\"material-design-card__secondary-text body-medium\">Beitrittserkl\u00e4rung f\u00fcr den Hegering Everswinkel und die Kreisj\u00e4gerschaft<\/h3><\/div><div class=\"material-design-card__supporting-text material-design-card__supporting-text_text-under-media body-medium\">Hier gehts zum Download<\/div><\/div><div class=\"mdc-card__actions\"><div class=\"mdc-card__action-buttons\"><a href=\"https:\/\/hegering-everswinkel.de\/index.php\/downloads\/beitrittserklaerung-hegering-everswinkel_kjs-warendorf\/\" rel=\"noopener noreferrer\" target=\"_blank\" class=\"mdc-button mdc-card__action mdc-card__action--button\"><span class=\"mdc-button__label\">Download<\/span><\/a><\/div><\/div><\/div><\/div><div class=\"card-container mdc-layout-grid__cell--span-6\"><div class=\"mdc-card material-design-card\"><div class=\"mdc-card__primary-action material-design-card__primary-action mdc-ripple-upgraded\" tabindex=\"0\"><div class=\"material-design-card__primary\"><h2 class=\"material-design-card__title title-large\">Kalender hinzuf\u00fcgen<\/h2><h3 class=\"material-design-card__secondary-text body-medium\">Den Hegeringskalender zum eigenen Google Kalender hinzuf\u00fcgen<\/h3><\/div><div class=\"material-design-card__supporting-text material-design-card__supporting-text_text-under-media body-medium\">Hier gehts zur Erkl\u00e4rung<\/div><\/div><div class=\"mdc-card__actions\"><div class=\"mdc-card__action-buttons\"><a href=\"http:\/\/s877794110.online.de\/index.php\/downloads\/google-kalender-hinzufuegen\/\" rel=\"noopener noreferrer\" target=\"_blank\" class=\"mdc-button mdc-card__action mdc-card__action--button\"><span class=\"mdc-button__label\">Download<\/span><\/a><\/div><\/div><\/div><\/div><div class=\"card-container mdc-layout-grid__cell--span-6\"><div class=\"mdc-card material-design-card\"><div class=\"mdc-card__primary-action material-design-card__primary-action mdc-ripple-upgraded\" tabindex=\"0\"><div class=\"material-design-card__primary\"><h2 class=\"material-design-card__title title-large\">Fellwechsel GmbH<\/h2><\/div><div class=\"material-design-card__supporting-text material-design-card__supporting-text_text-under-media body-medium\">Hier gehts zur Webseite<\/div><\/div><div class=\"mdc-card__actions\"><div class=\"mdc-card__action-buttons\"><a href=\"http:\/\/fellwechsel.org\/downloads\/\" rel=\"noopener noreferrer\" target=\"_blank\" class=\"mdc-button mdc-card__action mdc-card__action--button\"><span class=\"mdc-button__label\">Link<\/span><\/a><\/div><\/div><\/div><\/div><div class=\"card-container mdc-layout-grid__cell--span-6\"><div class=\"mdc-card material-design-card\"><div class=\"mdc-card__primary-action material-design-card__primary-action mdc-ripple-upgraded\" tabindex=\"0\"><div class=\"material-design-card__primary\"><h2 class=\"material-design-card__title title-large\">WILD UND HUND Mondhelligkeitskalender<\/h2><\/div><div class=\"material-design-card__supporting-text material-design-card__supporting-text_text-under-media body-medium\">Hier gehts zum Kalender<\/div><\/div><div class=\"mdc-card__actions\"><div class=\"mdc-card__action-buttons\"><a href=\"https:\/\/wildundhund.de\/mondhelligkeitskalender\/\" rel=\"noopener noreferrer\" target=\"_blank\" class=\"mdc-button mdc-card__action mdc-card__action--button\"><span class=\"mdc-button__label\">Link<\/span><\/a><\/div><\/div><\/div><\/div><\/div><\/div><\/div>\n\n\n\n<p><\/p>\n","protected":false},"excerpt":{"rendered":"","protected":false},"author":1,"featured_media":0,"parent":0,"menu_order":0,"comment_status":"closed","ping_status":"closed","template":"","meta":{"material-hide-sections":{"title":false},"footnotes":""},"class_list":["post-109","page","type-page","status-publish","hentry"],"publishpress_future_action":{"enabled":false,"date":"2026-04-19 23:36:54","action":"change-status","newStatus":"draft","terms":[],"taxonomy":"","extraData":[]},"publishpress_future_workflow_manual_trigger":{"enabledWorkflows":[]},"_links":{"self":[{"href":"https:\/\/hegering-everswinkel.de\/index.php\/wp-json\/wp\/v2\/pages\/109","targetHints":{"allow":["GET"]}}],"collection":[{"href":"https:\/\/hegering-everswinkel.de\/index.php\/wp-json\/wp\/v2\/pages"}],"about":[{"href":"https:\/\/hegering-everswinkel.de\/index.php\/wp-json\/wp\/v2\/types\/page"}],"author":[{"embeddable":true,"href":"https:\/\/hegering-everswinkel.de\/index.php\/wp-json\/wp\/v2\/users\/1"}],"replies":[{"embeddable":true,"href":"https:\/\/hegering-everswinkel.de\/index.php\/wp-json\/wp\/v2\/comments?post=109"}],"version-history":[{"count":12,"href":"https:\/\/hegering-everswinkel.de\/index.php\/wp-json\/wp\/v2\/pages\/109\/revisions"}],"predecessor-version":[{"id":1698,"href":"https:\/\/hegering-everswinkel.de\/index.php\/wp-json\/wp\/v2\/pages\/109\/revisions\/1698"}],"wp:attachment":[{"href":"https:\/\/hegering-everswinkel.de\/index.php\/wp-json\/wp\/v2\/media?parent=109"}],"curies":[{"name":"wp","href":"https:\/\/api.w.org\/{rel}","templated":true}]}}