{"id":1639,"date":"2023-07-27T09:14:49","date_gmt":"2023-07-27T07:14:49","guid":{"rendered":"https:\/\/hegering-everswinkel.de\/?page_id=1639"},"modified":"2023-11-13T13:06:07","modified_gmt":"2023-11-13T12:06:07","slug":"intern","status":"publish","type":"page","link":"https:\/\/hegering-everswinkel.de\/index.php\/intern\/","title":{"rendered":"Intern"},"content":{"rendered":"\n<p>Anleitung zum hochladen von Bildern<br><a href=\"https:\/\/hegering-everswinkel.de\/wp-login.php?redirect_to=https%3A%2F%2Fhegering-everswinkel.de%2Fwp-admin%2Fedit.php&amp;reauth=1\">Anmeldung<\/a><\/p>\n\n\n\n<p>Das Hochladen von Bildern in WordPress ist ein einfacher Vorgang. Hier ist eine Schritt-f\u00fcr-Schritt-Anleitung, wie du Bilder zu deiner WordPress-Website hinzuf\u00fcgen kannst:<\/p>\n\n\n\n<p>Schritt 1: Anmelden \u00d6ffne deinen Webbrowser und gehe zur Anmeldeseite deiner WordPress-Website. Gib deine Anmeldeinformationen (Benutzername und Passwort) ein und melde dich im WordPress-Dashboard an.<\/p>\n\n\n\n<p>Schritt 2: Medienbereich \u00f6ffnen Nachdem du dich angemeldet hast, klicke auf &#8222;Medien&#8220; in der linken Seitenleiste des WordPress-Dashboards. Dadurch wird der Medienbereich ge\u00f6ffnet, wo du deine Bilder verwalten kannst.<\/p>\n\n\n\n<p>Schritt 3: Bild hochladen In der Medien\u00fcbersicht klicke auf &#8222;Datei hinzuf\u00fcgen&#8220;. Es \u00f6ffnet sich ein Fenster, das dir erlaubt, das Bild auszuw\u00e4hlen, das du hochladen m\u00f6chtest. Du kannst entweder das Bild per Drag &amp; Drop in das Fenster ziehen oder auf &#8222;Dateien ausw\u00e4hlen&#8220; klicken und das Bild manuell von deinem Computer ausw\u00e4hlen.<\/p>\n\n\n\n<p>Schritt 4: Bildinformationen hinzuf\u00fcgen (optional) Nachdem das Bild hochgeladen wurde, hast du die M\u00f6glichkeit, weitere Informationen hinzuzuf\u00fcgen. Du kannst Titel, Bildbeschreibungen, Untertitel und alternative Texte eingeben. Der alternative Text ist wichtig f\u00fcr die Barrierefreiheit und Suchmaschinenoptimierung (SEO). Du kannst auch festlegen, wie das Bild verlinkt werden soll, wenn es angeklickt wird.<\/p>\n\n\n\n<p>Schritt 5: Bild in einen Beitrag oder eine Seite einf\u00fcgen Sobald das Bild hochgeladen und gespeichert wurde, kannst du es in einem Beitrag oder einer Seite verwenden. Gehe zum Beitrag oder zur Seite, wo du das Bild einf\u00fcgen m\u00f6chtest, oder erstelle einen neuen Beitrag.<\/p>\n\n\n\n<p>Im WordPress-Editor gibt es eine Schaltfl\u00e4che &#8222;Dateien hochladen&#8220;, &#8222;Bild hinzuf\u00fcgen&#8220; oder ein \u00e4hnliches Symbol (in der Regel ein Bildsymbol). Klicke darauf und w\u00e4hle das Bild aus der Medienbibliothek aus.<\/p>\n\n\n\n<p>Schritt 6: Bildposition und -gr\u00f6\u00dfe festlegen (optional) Nachdem das Bild eingef\u00fcgt wurde, kannst du seine Gr\u00f6\u00dfe und Position im Beitrag oder auf der Seite anpassen. Klicke einfach auf das Bild und verwende die verf\u00fcgbaren Optionen im Editor, um das Bild nach Bedarf anzupassen.<\/p>\n\n\n\n<p>Schritt 7: Beitrag oder Seite speichern Wenn du mit der Platzierung des Bildes zufrieden bist, klicke auf &#8222;Speichern&#8220; oder &#8222;Aktualisieren&#8220;, um den Beitrag oder die Seite zu speichern.<\/p>\n\n\n\n<p>Das war&#8217;s! Du hast erfolgreich ein Bild in WordPress hochgeladen und in einem Beitrag oder auf einer Seite platziert.<\/p>\n\n\n\n<p>Bitte beachte, dass das Dashboard und der Editor in WordPress je nach verwendetem Theme und installierten Plugins leicht variieren k\u00f6nnen. Die grundlegende Vorgehensweise zum Hochladen von Bildern bleibt jedoch in der Regel gleich.<\/p>\n","protected":false},"excerpt":{"rendered":"<p>Anleitung zum hochladen von BildernAnmeldung Das Hochladen von Bildern in WordPress ist ein einfacher Vorgang. Hier ist eine Schritt-f\u00fcr-Schritt-Anleitung, wie du Bilder zu deiner WordPress-Website hinzuf\u00fcgen kannst: Schritt 1: Anmelden \u00d6ffne deinen Webbrowser und gehe zur Anmeldeseite deiner WordPress-Website. Gib deine Anmeldeinformationen (Benutzername und Passwort) ein und melde dich im WordPress-Dashboard an. Schritt 2: Medienbereich [&hellip;]<\/p>\n","protected":false},"author":3,"featured_media":0,"parent":0,"menu_order":0,"comment_status":"closed","ping_status":"closed","template":"","meta":{"material-hide-sections":[],"footnotes":""},"class_list":["post-1639","page","type-page","status-publish","hentry"],"publishpress_future_action":{"enabled":false,"date":"2026-05-07 16:27:05","action":"change-status","newStatus":"draft","terms":[],"taxonomy":"","extraData":[]},"publishpress_future_workflow_manual_trigger":{"enabledWorkflows":[]},"_links":{"self":[{"href":"https:\/\/hegering-everswinkel.de\/index.php\/wp-json\/wp\/v2\/pages\/1639","targetHints":{"allow":["GET"]}}],"collection":[{"href":"https:\/\/hegering-everswinkel.de\/index.php\/wp-json\/wp\/v2\/pages"}],"about":[{"href":"https:\/\/hegering-everswinkel.de\/index.php\/wp-json\/wp\/v2\/types\/page"}],"author":[{"embeddable":true,"href":"https:\/\/hegering-everswinkel.de\/index.php\/wp-json\/wp\/v2\/users\/3"}],"replies":[{"embeddable":true,"href":"https:\/\/hegering-everswinkel.de\/index.php\/wp-json\/wp\/v2\/comments?post=1639"}],"version-history":[{"count":3,"href":"https:\/\/hegering-everswinkel.de\/index.php\/wp-json\/wp\/v2\/pages\/1639\/revisions"}],"predecessor-version":[{"id":1693,"href":"https:\/\/hegering-everswinkel.de\/index.php\/wp-json\/wp\/v2\/pages\/1639\/revisions\/1693"}],"wp:attachment":[{"href":"https:\/\/hegering-everswinkel.de\/index.php\/wp-json\/wp\/v2\/media?parent=1639"}],"curies":[{"name":"wp","href":"https:\/\/api.w.org\/{rel}","templated":true}]}}