{"id":164,"date":"2021-07-07T18:42:16","date_gmt":"2021-07-07T18:42:16","guid":{"rendered":"http:\/\/s877794110.online.de\/?page_id=164"},"modified":"2021-07-07T18:42:16","modified_gmt":"2021-07-07T18:42:16","slug":"news","status":"publish","type":"page","link":"https:\/\/hegering-everswinkel.de\/index.php\/news\/","title":{"rendered":"News"},"content":{"rendered":"<div class=\"wp-block-material-posts-list alignwide\">\n<div class=\"masonry-grid layout-masonry-3 \">\n\t\n\t\t\t\t\t\t\t\t\n\t\t\t\t<div class=\"masonry-grid_column\">\n\t\t\t\n\t\t\t\n<div class=\"mdc-layout-grid__cell--span-12\">\n\t<div class=\"single-post-card single-post-basic mdc-card single-post-card__masonry mdc-card--\">\n\t\t<a class=\"mdc-card__link\" href=\"https:\/\/hegering-everswinkel.de\/index.php\/2025\/05\/26\/kitzrettung\/\">\n\t\t\t<div class=\"mdc-card__primary-action single-post-card__primary-action\">\n\t\t\t\t\n<div class=\"single-post-card__primary\">\n\t<h2 class=\"single-post-card__title title-large\">\n\t\t<div>Kitzrettung<\/div>\n\t<\/h2>\n\n\t\t\t<h3 class=\"single-post-card__subtitle label-small\">\n\t\t\t<time>\n\t\t\t26.05.2025\t\t\t<\/time>\n\t\t<\/h3>\n\t<\/div> <!-- single-post-card__primary -->\n\t<div class=\"single-post-card__secondary body-medium single-post-card__secondary-text-above-media\">\n\t\t<p>\n\t\t\tSicher m\u00e4hen\u2013Lebenretten Sehr geehrte Landwirtinnen, Landwirte und Jagdaus\u00fcbungsberechtigte, mit mittlerweile zwei Drohnenteams und Erfahrung in der Wildtierrettung bieten wir Euch [&hellip;]\t\t<\/p>\n\t<\/div> <!-- single-post-card__secondary -->\n\n\t\t\t<\/div> <!-- mdc-card__primary-action -->\n\t\t<\/a> <!-- mdc-card__link -->\n\n\t\t\t<div class=\"mdc-card__actions\">\n\t\t<div class=\"mdc-card__action-buttons\">\n\t\t\t\n\t\t\t\t\t\t\t<a class=\"mdc-button mdc-card__action mdc-card__action--button mdc-button__comment-count\" href=\"https:\/\/hegering-everswinkel.de\/index.php\/2025\/05\/26\/kitzrettung\/\">\n\t\t\t\t\t<span class=\"mdc-button__ripple\"><\/span>\n\t\t\t\t\t<i\n\t\t\t\t\t\tclass=\"material-icons mdc-button__icon\"\n\t\t\t\t\t\taria-hidden=\"true\"\n\t\t\t\t\t>\n\t\t\t\t\t\tcomment\n\t\t\t\t\t<\/i>\n\t\t\t\t\t<span class=\"mdc-button__label\">\n\t\t\t\t\t\t0\t\t\t\t\t<\/span>\n\t\t\t\t<\/a>\n\t\t\t\t\t<\/div> <!-- mdc-card__action-buttons -->\n\t<\/div> <!-- mdc-card__actions -->\n\n\t<\/div> <!-- single-post-card -->\n<\/div> <!-- mdc-layout-grid__cell--span-12 -->\n\n\t\t\t<\/div>\n<div class='masonry-grid_column'>\n\t\t\t\n<div class=\"mdc-layout-grid__cell--span-12\">\n\t<div class=\"single-post-card single-post-basic mdc-card single-post-card__masonry mdc-card--\">\n\t\t<a class=\"mdc-card__link\" href=\"https:\/\/hegering-everswinkel.de\/index.php\/2025\/03\/23\/save-the-date\/\">\n\t\t\t<div class=\"mdc-card__primary-action single-post-card__primary-action\">\n\t\t\t\t\n<div class=\"single-post-card__primary\">\n\t<h2 class=\"single-post-card__title title-large\">\n\t\t<div>Save the Date<\/div>\n\t<\/h2>\n\n\t\t\t<h3 class=\"single-post-card__subtitle label-small\">\n\t\t\t<time>\n\t\t\t23.03.2025\t\t\t<\/time>\n\t\t<\/h3>\n\t<\/div> <!-- single-post-card__primary -->\n\t<div class=\"single-post-card__secondary body-medium single-post-card__secondary-text-above-media\">\n\t\t<p>\n\t\t\tJubil\u00e4um 75 Jahre\t\t<\/p>\n\t<\/div> <!-- single-post-card__secondary -->\n\n\t\t\t<\/div> <!-- mdc-card__primary-action -->\n\t\t<\/a> <!-- mdc-card__link -->\n\n\t\t\t<div class=\"mdc-card__actions\">\n\t\t<div class=\"mdc-card__action-buttons\">\n\t\t\t\n\t\t\t\t\t\t\t<a class=\"mdc-button mdc-card__action mdc-card__action--button mdc-button__comment-count\" href=\"https:\/\/hegering-everswinkel.de\/index.php\/2025\/03\/23\/save-the-date\/\">\n\t\t\t\t\t<span class=\"mdc-button__ripple\"><\/span>\n\t\t\t\t\t<i\n\t\t\t\t\t\tclass=\"material-icons mdc-button__icon\"\n\t\t\t\t\t\taria-hidden=\"true\"\n\t\t\t\t\t>\n\t\t\t\t\t\tcomment\n\t\t\t\t\t<\/i>\n\t\t\t\t\t<span class=\"mdc-button__label\">\n\t\t\t\t\t\t0\t\t\t\t\t<\/span>\n\t\t\t\t<\/a>\n\t\t\t\t\t<\/div> <!-- mdc-card__action-buttons -->\n\t<\/div> <!-- mdc-card__actions -->\n\n\t<\/div> <!-- single-post-card -->\n<\/div> <!-- mdc-layout-grid__cell--span-12 -->\n\n\t\t\t<\/div>\n<div class='masonry-grid_column'>\n\t\t\t\n<div class=\"mdc-layout-grid__cell--span-12\">\n\t<div class=\"single-post-card single-post-basic mdc-card single-post-card__masonry mdc-card-- has-post-thumbnail\">\n\t\t<a class=\"mdc-card__link\" href=\"https:\/\/hegering-everswinkel.de\/index.php\/2024\/02\/06\/neue-jagdhornblaesergruppe\/\">\n\t\t\t<div class=\"mdc-card__primary-action single-post-card__primary-action\">\n\t\t\t\t\n<div class=\"single-post-card__primary\">\n\t<h2 class=\"single-post-card__title title-large\">\n\t\t<div>Anf\u00e4ngerkurs f\u00fcr angehende Jagdhornbl\u00e4ser<\/div>\n\t<\/h2>\n\n\t\t\t<h3 class=\"single-post-card__subtitle label-small\">\n\t\t\t<time>\n\t\t\t06.02.2024\t\t\t<\/time>\n\t\t<\/h3>\n\t<\/div> <!-- single-post-card__primary -->\n\t<div class=\"mdc-card__media single-post-card__media mdc-card__media--16-9 single-post-card-with-text-above-media\">\n\t\t<img loading=\"lazy\" decoding=\"async\" width=\"700\" height=\"525\" src=\"https:\/\/hegering-everswinkel.de\/wp-content\/uploads\/2023\/03\/IMG-20230329-WA0002-1024x768.jpg\" class=\"attachment-large size-large wp-post-image\" alt=\"\" srcset=\"https:\/\/hegering-everswinkel.de\/wp-content\/uploads\/2023\/03\/IMG-20230329-WA0002-1024x768.jpg 1024w, https:\/\/hegering-everswinkel.de\/wp-content\/uploads\/2023\/03\/IMG-20230329-WA0002-300x225.jpg 300w, https:\/\/hegering-everswinkel.de\/wp-content\/uploads\/2023\/03\/IMG-20230329-WA0002-768x576.jpg 768w, https:\/\/hegering-everswinkel.de\/wp-content\/uploads\/2023\/03\/IMG-20230329-WA0002-1536x1152.jpg 1536w, https:\/\/hegering-everswinkel.de\/wp-content\/uploads\/2023\/03\/IMG-20230329-WA0002.jpg 1600w\" sizes=\"auto, (max-width: 700px) 100vw, 700px\" \/>\t\t\t<\/div> <!-- mdc-card__media -->\n\t<div class=\"single-post-card__secondary body-medium single-post-card__secondary-text-above-media\">\n\t\t<p>\n\t\t\tEinfach mal hineinschnuppern in das Jagdhornbl\u00e4serkorps Everswinkel, verschiedene Jagdsignale kennenlernen, sowie weitere Informationen rund um das Jagdhornblasen und das Bl\u00e4serkorps [&hellip;]\t\t<\/p>\n\t<\/div> <!-- single-post-card__secondary -->\n\n\t\t\t<\/div> <!-- mdc-card__primary-action -->\n\t\t<\/a> <!-- mdc-card__link -->\n\n\t\t\t<div class=\"mdc-card__actions\">\n\t\t<div class=\"mdc-card__action-buttons\">\n\t\t\t\n\t\t\t\t\t\t\t<a class=\"mdc-button mdc-card__action mdc-card__action--button mdc-button__comment-count\" href=\"https:\/\/hegering-everswinkel.de\/index.php\/2024\/02\/06\/neue-jagdhornblaesergruppe\/\">\n\t\t\t\t\t<span class=\"mdc-button__ripple\"><\/span>\n\t\t\t\t\t<i\n\t\t\t\t\t\tclass=\"material-icons mdc-button__icon\"\n\t\t\t\t\t\taria-hidden=\"true\"\n\t\t\t\t\t>\n\t\t\t\t\t\tcomment\n\t\t\t\t\t<\/i>\n\t\t\t\t\t<span class=\"mdc-button__label\">\n\t\t\t\t\t\t0\t\t\t\t\t<\/span>\n\t\t\t\t<\/a>\n\t\t\t\t\t<\/div> <!-- mdc-card__action-buttons -->\n\t<\/div> <!-- mdc-card__actions -->\n\n\t<\/div> <!-- single-post-card -->\n<\/div> <!-- mdc-layout-grid__cell--span-12 -->\n\n\t\t\t\t\t<\/div>\n\n\t\t\t\t\n\t<\/div>\n<\/div>","protected":false},"excerpt":{"rendered":"","protected":false},"author":1,"featured_media":0,"parent":0,"menu_order":0,"comment_status":"closed","ping_status":"closed","template":"","meta":{"material-hide-sections":[],"footnotes":""},"class_list":["post-164","page","type-page","status-publish","hentry"],"publishpress_future_action":{"enabled":false,"date":"2026-04-19 23:45:25","action":"change-status","newStatus":"draft","terms":[],"taxonomy":"","extraData":[]},"publishpress_future_workflow_manual_trigger":{"enabledWorkflows":[]},"_links":{"self":[{"href":"https:\/\/hegering-everswinkel.de\/index.php\/wp-json\/wp\/v2\/pages\/164","targetHints":{"allow":["GET"]}}],"collection":[{"href":"https:\/\/hegering-everswinkel.de\/index.php\/wp-json\/wp\/v2\/pages"}],"about":[{"href":"https:\/\/hegering-everswinkel.de\/index.php\/wp-json\/wp\/v2\/types\/page"}],"author":[{"embeddable":true,"href":"https:\/\/hegering-everswinkel.de\/index.php\/wp-json\/wp\/v2\/users\/1"}],"replies":[{"embeddable":true,"href":"https:\/\/hegering-everswinkel.de\/index.php\/wp-json\/wp\/v2\/comments?post=164"}],"version-history":[{"count":1,"href":"https:\/\/hegering-everswinkel.de\/index.php\/wp-json\/wp\/v2\/pages\/164\/revisions"}],"predecessor-version":[{"id":171,"href":"https:\/\/hegering-everswinkel.de\/index.php\/wp-json\/wp\/v2\/pages\/164\/revisions\/171"}],"wp:attachment":[{"href":"https:\/\/hegering-everswinkel.de\/index.php\/wp-json\/wp\/v2\/media?parent=164"}],"curies":[{"name":"wp","href":"https:\/\/api.w.org\/{rel}","templated":true}]}}