{"id":227,"date":"2021-08-09T21:57:46","date_gmt":"2021-08-09T19:57:46","guid":{"rendered":"http:\/\/s877794110.online.de\/?page_id=227"},"modified":"2021-11-01T16:48:18","modified_gmt":"2021-11-01T15:48:18","slug":"ueber-uns","status":"publish","type":"page","link":"https:\/\/hegering-everswinkel.de\/index.php\/der-hegering\/ueber-uns\/","title":{"rendered":"\u00dcber uns"},"content":{"rendered":"\n<p>Der Hegering Everswinkel e.V. wurde 1950 gegr\u00fcndet und hat heute etwa 230 Mitglieder. Als erster Vorsitzender wurde Karl Gro\u00dfe Erdmann Senior gew\u00e4hlt. Die bejagbare Fl\u00e4che umfasst rund 5520 Hektar und besitzt 6 genossenschaftliche Jagdbezirke und 18 Eigenjagden. Unser Hegering repr\u00e4sentiert die J\u00e4gerinnen und J\u00e4ger der Gemeinde Everswinkel und vertritt auf lokaler Ebene auch die Interessen des Landesjagdverbandes NRW und der Kreisj\u00e4gerschaft Warendorf.<\/p>\n\n\n\n<p>Die Verantwortung f\u00fcr Flora und Fauna sowie eine nachhaltige Nutzung der nat\u00fcrlichen Ressourcen charakterisieren die Aktivit\u00e4ten unseres Hegerings. Die Pflege unserer m\u00fcnsterl\u00e4ndischen Parklandschaft ist dabei eine der zentralen Aufgaben. Durch die Anlage und die Revitalisierung von Biotopen werden nachhaltige Lebensr\u00e4ume geschaffen, wie die Anlage von Gew\u00e4ssern und Feuchtbiotopen, das Schneiteln von Kopfb\u00e4umen und die Anlage und Pflege von Hecken als wichtige Strukturmerkmale einer intensiv genutzten Agrarkulturlandschaft. Die j\u00e4hrliche Biotops\u00e4uberungsaktion in guter Zusammenarbeit mit dem Landwirtschaftlichen Ortsverein und der Katholischen Landjugend Everswinkel ist fester Bestandteil des<br>Jahresprogramms und unterstreicht das besondere Interesse an einer intakten Natur.<\/p>\n\n\n\n<p>Der Hegering f\u00f6rdert die Biodiversit\u00e4t durch Schaffung von Strukturbr\u00fccken, Anlegen von Bl\u00fchstreifen und Extensivierungsfl\u00e4chen. Wir  sind Ansprechpartner f\u00fcr jeden B\u00fcrger, der sich f\u00fcr Natur, Artenvielfalt und Erhaltung unserer Kulturlandschaft interessiert. Unser Hegering ist generations\u00fcbergreifend aufgestellt. Eine Mitgliedschaft ist nicht an den Jagdschein gebunden.<\/p>\n\n\n\n<p>Exkurs:<br>Was ist Jagd und was machen J\u00e4ger*innen?<br>Eine kurzweilige und interessante Erl\u00e4uterung hierzu gibt das nachfolgende Video des deutschen  Jagdverbandes DJV.<br>Was ist Jagd und was machen J\u00e4ger? &#8211; YouTube <a href=\"https:\/\/www.youtube.com\/watch?v=BiID9mNhP84\">https:\/\/www.youtube.com\/watch?v=BiID9mNhP84<\/a><br>Viel Spa\u00df beim Schauen.<\/p>\n","protected":false},"excerpt":{"rendered":"<p>Der Hegering Everswinkel e.V. wurde 1950 gegr\u00fcndet und hat heute etwa 230 Mitglieder. Als erster Vorsitzender wurde Karl Gro\u00dfe Erdmann Senior gew\u00e4hlt. Die bejagbare Fl\u00e4che umfasst rund 5520 Hektar und besitzt 6 genossenschaftliche Jagdbezirke und 18 Eigenjagden. Unser Hegering repr\u00e4sentiert die J\u00e4gerinnen und J\u00e4ger der Gemeinde Everswinkel und vertritt auf lokaler Ebene auch die Interessen [&hellip;]<\/p>\n","protected":false},"author":3,"featured_media":0,"parent":1064,"menu_order":0,"comment_status":"closed","ping_status":"closed","template":"","meta":{"material-hide-sections":[],"footnotes":""},"class_list":["post-227","page","type-page","status-publish","hentry"],"publishpress_future_action":{"enabled":false,"date":"2026-04-19 23:32:58","action":"change-status","newStatus":"draft","terms":[],"taxonomy":"","extraData":[]},"publishpress_future_workflow_manual_trigger":{"enabledWorkflows":[]},"_links":{"self":[{"href":"https:\/\/hegering-everswinkel.de\/index.php\/wp-json\/wp\/v2\/pages\/227","targetHints":{"allow":["GET"]}}],"collection":[{"href":"https:\/\/hegering-everswinkel.de\/index.php\/wp-json\/wp\/v2\/pages"}],"about":[{"href":"https:\/\/hegering-everswinkel.de\/index.php\/wp-json\/wp\/v2\/types\/page"}],"author":[{"embeddable":true,"href":"https:\/\/hegering-everswinkel.de\/index.php\/wp-json\/wp\/v2\/users\/3"}],"replies":[{"embeddable":true,"href":"https:\/\/hegering-everswinkel.de\/index.php\/wp-json\/wp\/v2\/comments?post=227"}],"version-history":[{"count":3,"href":"https:\/\/hegering-everswinkel.de\/index.php\/wp-json\/wp\/v2\/pages\/227\/revisions"}],"predecessor-version":[{"id":1070,"href":"https:\/\/hegering-everswinkel.de\/index.php\/wp-json\/wp\/v2\/pages\/227\/revisions\/1070"}],"up":[{"embeddable":true,"href":"https:\/\/hegering-everswinkel.de\/index.php\/wp-json\/wp\/v2\/pages\/1064"}],"wp:attachment":[{"href":"https:\/\/hegering-everswinkel.de\/index.php\/wp-json\/wp\/v2\/media?parent=227"}],"curies":[{"name":"wp","href":"https:\/\/api.w.org\/{rel}","templated":true}]}}