{"id":30,"date":"2020-05-06T19:45:29","date_gmt":"2020-05-06T19:45:29","guid":{"rendered":"http:\/\/s877794110.online.de\/index.php\/home\/"},"modified":"2025-08-25T16:25:44","modified_gmt":"2025-08-25T14:25:44","slug":"home","status":"publish","type":"page","link":"https:\/\/hegering-everswinkel.de\/","title":{"rendered":"Start"},"content":{"rendered":"\n<div class=\"wp-block-cover alignfull is-light\"><img loading=\"lazy\" decoding=\"async\" width=\"2560\" height=\"1350\" class=\"wp-block-cover__image-background wp-image-617\" alt=\"\" src=\"http:\/\/s877794110.online.de\/wp-content\/uploads\/2021\/08\/IMG_3063-scaled.jpg\" style=\"object-position:50% 32%\" data-object-fit=\"cover\" data-object-position=\"50% 32%\" srcset=\"https:\/\/hegering-everswinkel.de\/wp-content\/uploads\/2021\/08\/IMG_3063-scaled.jpg 2560w, https:\/\/hegering-everswinkel.de\/wp-content\/uploads\/2021\/08\/IMG_3063-300x158.jpg 300w, https:\/\/hegering-everswinkel.de\/wp-content\/uploads\/2021\/08\/IMG_3063-1024x540.jpg 1024w, https:\/\/hegering-everswinkel.de\/wp-content\/uploads\/2021\/08\/IMG_3063-768x405.jpg 768w, https:\/\/hegering-everswinkel.de\/wp-content\/uploads\/2021\/08\/IMG_3063-1536x810.jpg 1536w, https:\/\/hegering-everswinkel.de\/wp-content\/uploads\/2021\/08\/IMG_3063-2048x1080.jpg 2048w\" sizes=\"auto, (max-width: 2560px) 100vw, 2560px\" \/><span aria-hidden=\"true\" class=\"wp-block-cover__background has-black-background-color has-background-dim\"><\/span><div class=\"wp-block-cover__inner-container is-layout-flow wp-block-cover-is-layout-flow\">\n<h2 class=\"wp-block-heading has-white-color has-text-color\"><strong>Herzlich Willkommen<\/strong><\/h2>\n\n\n\n<p class=\"has-white-color has-text-color\"><strong>Informieren Sie sich hier \u00fcber den Hegering Everswinkel.<\/strong><\/p>\n<\/div><\/div>\n\n\n\n<figure class=\"wp-block-image size-large\"><img loading=\"lazy\" decoding=\"async\" width=\"1024\" height=\"768\" src=\"https:\/\/hegering-everswinkel.de\/wp-content\/uploads\/2025\/08\/grafik-1-1024x768.png\" alt=\"\" class=\"wp-image-2163\" srcset=\"https:\/\/hegering-everswinkel.de\/wp-content\/uploads\/2025\/08\/grafik-1-1024x768.png 1024w, https:\/\/hegering-everswinkel.de\/wp-content\/uploads\/2025\/08\/grafik-1-300x225.png 300w, https:\/\/hegering-everswinkel.de\/wp-content\/uploads\/2025\/08\/grafik-1-768x576.png 768w, https:\/\/hegering-everswinkel.de\/wp-content\/uploads\/2025\/08\/grafik-1.png 1200w\" sizes=\"auto, (max-width: 1024px) 100vw, 1024px\" \/><\/figure>\n\n\n\n<div class=\"wp-block-columns is-layout-flex wp-container-core-columns-is-layout-9d6595d7 wp-block-columns-is-layout-flex\">\n<div class=\"wp-block-column is-layout-flow wp-block-column-is-layout-flow\" style=\"flex-basis:100%\">\n<div style=\"width: 100%; max-height: 600px;\">\n<iframe loading=\"lazy\" src=\"https:\/\/calendar.google.com\/calendar\/embed?height=300&amp;wkst=1&amp;bgcolor=%23ffffff&amp;ctz=Europe%2FBerlin&amp;src=aGdxcGxocHA2djdwaHRlZ2VlcGVyanF0NGNAZ3JvdXAuY2FsZW5kYXIuZ29vZ2xlLmNvbQ&amp;color=%237CB342&amp;showTitle=1&amp;showNav=1&amp;showCalendars=1&amp;mode=AGENDA\" style=\"border:solid 1px #777\" scrolling=\"no\" width=\"800\" height=\"600\" frameborder=\"0\"><\/iframe>\n<\/div>\n<\/div>\n<\/div>\n\n\n\n<h2 class=\"wp-block-heading\">Berichte<\/h2>\n\n\n<div class=\"wp-block-material-posts-list alignwide\">\n<div class=\"mdc-layout-grid layout-grid \">\n\t<div class=\"mdc-layout-grid__inner\">\n\t\t\n\t\t\t\n\t\t\t\t\n<div class=\"mdc-layout-grid__cell--span-6\">\n\t<div class=\"single-post-card single-post-basic mdc-card single-post-card__grid mdc-card--\">\n\t\t<a class=\"mdc-card__link\" href=\"https:\/\/hegering-everswinkel.de\/index.php\/2026\/04\/12\/jahreshauptversammlung-2026\/\">\n\t\t\t<div class=\"mdc-card__primary-action single-post-card__primary-action\">\n\t\t\t\t\n<div class=\"single-post-card__primary\">\n\t<h2 class=\"single-post-card__title title-large\">\n\t\t<div>Jahreshauptversammlung 2026<\/div>\n\t<\/h2>\n\n\t\t\t<h3 class=\"single-post-card__subtitle label-small\">\n\t\t\t<time>\n\t\t\t12.04.2026\t\t\t<\/time>\n\t\t<\/h3>\n\t<\/div> <!-- single-post-card__primary -->\n\t<div class=\"single-post-card__secondary body-medium single-post-card__secondary-text-above-media\">\n\t\t<p>\n\t\t\tEverswinkel, 22.&nbsp;M\u00e4rz 2026&nbsp;\u2013&nbsp;Zahlreiche Mitglieder&nbsp;erschienen am Sonntag zur&nbsp;74. Jahreshauptversammlung&nbsp;des Hegerings&nbsp;Everswinkel im Gasthof Diepenbrock,&nbsp;um auf das vergangene Jagdjahr zur\u00fcckzublicken und einen Ausblick [&hellip;]\t\t<\/p>\n\t<\/div> <!-- single-post-card__secondary -->\n\n\t\t\t<\/div> <!-- mdc-card__primary-action -->\n\t\t<\/a> <!-- mdc-card__link -->\n\n\t\t\t<div class=\"mdc-card__actions\">\n\t\t<div class=\"mdc-card__action-buttons\">\n\t\t\t\n\t\t\t\t\t\t\t<a class=\"mdc-button mdc-card__action mdc-card__action--button mdc-button__comment-count\" href=\"https:\/\/hegering-everswinkel.de\/index.php\/2026\/04\/12\/jahreshauptversammlung-2026\/\">\n\t\t\t\t\t<span class=\"mdc-button__ripple\"><\/span>\n\t\t\t\t\t<i\n\t\t\t\t\t\tclass=\"material-icons mdc-button__icon\"\n\t\t\t\t\t\taria-hidden=\"true\"\n\t\t\t\t\t>\n\t\t\t\t\t\tcomment\n\t\t\t\t\t<\/i>\n\t\t\t\t\t<span class=\"mdc-button__label\">\n\t\t\t\t\t\t0\t\t\t\t\t<\/span>\n\t\t\t\t<\/a>\n\t\t\t\t\t<\/div> <!-- mdc-card__action-buttons -->\n\t<\/div> <!-- mdc-card__actions -->\n\n\t<\/div> <!-- single-post-card -->\n<\/div> <!-- mdc-layout-grid__cell--span-12 -->\n\n\t\t\t\n\t\t\t\t\n<div class=\"mdc-layout-grid__cell--span-6\">\n\t<div class=\"single-post-card single-post-basic mdc-card single-post-card__grid mdc-card-- has-post-thumbnail\">\n\t\t<a class=\"mdc-card__link\" href=\"https:\/\/hegering-everswinkel.de\/index.php\/2026\/03\/07\/zahlreiche-helfer-befreien-wege-und-felder-von-muell\/\">\n\t\t\t<div class=\"mdc-card__primary-action single-post-card__primary-action\">\n\t\t\t\t\n<div class=\"single-post-card__primary\">\n\t<h2 class=\"single-post-card__title title-large\">\n\t\t<div>Zahlreiche Helfer befreien Wege und Felder von M\u00fcll<\/div>\n\t<\/h2>\n\n\t\t\t<h3 class=\"single-post-card__subtitle label-small\">\n\t\t\t<time>\n\t\t\t07.03.2026\t\t\t<\/time>\n\t\t<\/h3>\n\t<\/div> <!-- single-post-card__primary -->\n\t<div class=\"mdc-card__media single-post-card__media mdc-card__media--16-9 single-post-card-with-text-above-media\">\n\t\t<img loading=\"lazy\" decoding=\"async\" width=\"700\" height=\"933\" src=\"https:\/\/hegering-everswinkel.de\/wp-content\/uploads\/2026\/03\/IMG-20260307-WA0043-768x1024.jpg\" class=\"attachment-large size-large wp-post-image\" alt=\"\" srcset=\"https:\/\/hegering-everswinkel.de\/wp-content\/uploads\/2026\/03\/IMG-20260307-WA0043-768x1024.jpg 768w, https:\/\/hegering-everswinkel.de\/wp-content\/uploads\/2026\/03\/IMG-20260307-WA0043-225x300.jpg 225w, https:\/\/hegering-everswinkel.de\/wp-content\/uploads\/2026\/03\/IMG-20260307-WA0043-1152x1536.jpg 1152w, https:\/\/hegering-everswinkel.de\/wp-content\/uploads\/2026\/03\/IMG-20260307-WA0043.jpg 1200w\" sizes=\"auto, (max-width: 700px) 100vw, 700px\" \/>\t\t\t<\/div> <!-- mdc-card__media -->\n\t<div class=\"single-post-card__secondary body-medium single-post-card__secondary-text-above-media\">\n\t\t<p>\n\t\t\tZahlreiche freiwillige Helfer sind am Samstag zur M\u00fcllsammelaktion in Everswinkel zusammengekommen. Bei fr\u00fchlingshaftem Wetter machten sich die Teilnehmer daran, Stra\u00dfenr\u00e4nder, [&hellip;]\t\t<\/p>\n\t<\/div> <!-- single-post-card__secondary -->\n\n\t\t\t<\/div> <!-- mdc-card__primary-action -->\n\t\t<\/a> <!-- mdc-card__link -->\n\n\t\t\t<div class=\"mdc-card__actions\">\n\t\t<div class=\"mdc-card__action-buttons\">\n\t\t\t\n\t\t\t\t\t\t\t<a class=\"mdc-button mdc-card__action mdc-card__action--button mdc-button__comment-count\" href=\"https:\/\/hegering-everswinkel.de\/index.php\/2026\/03\/07\/zahlreiche-helfer-befreien-wege-und-felder-von-muell\/\">\n\t\t\t\t\t<span class=\"mdc-button__ripple\"><\/span>\n\t\t\t\t\t<i\n\t\t\t\t\t\tclass=\"material-icons mdc-button__icon\"\n\t\t\t\t\t\taria-hidden=\"true\"\n\t\t\t\t\t>\n\t\t\t\t\t\tcomment\n\t\t\t\t\t<\/i>\n\t\t\t\t\t<span class=\"mdc-button__label\">\n\t\t\t\t\t\t0\t\t\t\t\t<\/span>\n\t\t\t\t<\/a>\n\t\t\t\t\t<\/div> <!-- mdc-card__action-buttons -->\n\t<\/div> <!-- mdc-card__actions -->\n\n\t<\/div> <!-- single-post-card -->\n<\/div> <!-- mdc-layout-grid__cell--span-12 -->\n\n\t\t\t\n\t\t\t\t\n<div class=\"mdc-layout-grid__cell--span-6\">\n\t<div class=\"single-post-card single-post-basic mdc-card single-post-card__grid mdc-card--\">\n\t\t<a class=\"mdc-card__link\" href=\"https:\/\/hegering-everswinkel.de\/index.php\/2026\/02\/16\/taubentage-2026\/\">\n\t\t\t<div class=\"mdc-card__primary-action single-post-card__primary-action\">\n\t\t\t\t\n<div class=\"single-post-card__primary\">\n\t<h2 class=\"single-post-card__title title-large\">\n\t\t<div>Taubentage 2026<\/div>\n\t<\/h2>\n\n\t\t\t<h3 class=\"single-post-card__subtitle label-small\">\n\t\t\t<time>\n\t\t\t16.02.2026\t\t\t<\/time>\n\t\t<\/h3>\n\t<\/div> <!-- single-post-card__primary -->\n\t<div class=\"single-post-card__secondary body-medium single-post-card__secondary-text-above-media\">\n\t\t<p>\n\t\t\tR\u00fcckblick auf zwei erfolgreiche Taubentage An den vergangenen beiden Wochenenden fanden unsere diesj\u00e4hrigen Taubentage mit sehr guter Beteiligung statt. Viele [&hellip;]\t\t<\/p>\n\t<\/div> <!-- single-post-card__secondary -->\n\n\t\t\t<\/div> <!-- mdc-card__primary-action -->\n\t\t<\/a> <!-- mdc-card__link -->\n\n\t\t\t<div class=\"mdc-card__actions\">\n\t\t<div class=\"mdc-card__action-buttons\">\n\t\t\t\n\t\t\t\t\t\t\t<a class=\"mdc-button mdc-card__action mdc-card__action--button mdc-button__comment-count\" href=\"https:\/\/hegering-everswinkel.de\/index.php\/2026\/02\/16\/taubentage-2026\/\">\n\t\t\t\t\t<span class=\"mdc-button__ripple\"><\/span>\n\t\t\t\t\t<i\n\t\t\t\t\t\tclass=\"material-icons mdc-button__icon\"\n\t\t\t\t\t\taria-hidden=\"true\"\n\t\t\t\t\t>\n\t\t\t\t\t\tcomment\n\t\t\t\t\t<\/i>\n\t\t\t\t\t<span class=\"mdc-button__label\">\n\t\t\t\t\t\t0\t\t\t\t\t<\/span>\n\t\t\t\t<\/a>\n\t\t\t\t\t<\/div> <!-- mdc-card__action-buttons -->\n\t<\/div> <!-- mdc-card__actions -->\n\n\t<\/div> <!-- single-post-card -->\n<\/div> <!-- mdc-layout-grid__cell--span-12 -->\n\n\t\t\t\n\t\t\t\t\n<div class=\"mdc-layout-grid__cell--span-6\">\n\t<div class=\"single-post-card single-post-basic mdc-card single-post-card__grid mdc-card-- has-post-thumbnail\">\n\t\t<a class=\"mdc-card__link\" href=\"https:\/\/hegering-everswinkel.de\/index.php\/2026\/01\/28\/hegering-everswinkel-besuchte-jagd-hund-in-dortmund-2\/\">\n\t\t\t<div class=\"mdc-card__primary-action single-post-card__primary-action\">\n\t\t\t\t\n<div class=\"single-post-card__primary\">\n\t<h2 class=\"single-post-card__title title-large\">\n\t\t<div>Hegering Everswinkel besuchte \u201eJagd &amp; Hund\u201c in Dortmund<\/div>\n\t<\/h2>\n\n\t\t\t<h3 class=\"single-post-card__subtitle label-small\">\n\t\t\t<time>\n\t\t\t28.01.2026\t\t\t<\/time>\n\t\t<\/h3>\n\t<\/div> <!-- single-post-card__primary -->\n\t<div class=\"mdc-card__media single-post-card__media mdc-card__media--16-9 single-post-card-with-text-above-media\">\n\t\t<img loading=\"lazy\" decoding=\"async\" width=\"700\" height=\"525\" src=\"https:\/\/hegering-everswinkel.de\/wp-content\/uploads\/2026\/02\/IMG-20260204-WA0002-1024x768.jpg\" class=\"attachment-large size-large wp-post-image\" alt=\"\" srcset=\"https:\/\/hegering-everswinkel.de\/wp-content\/uploads\/2026\/02\/IMG-20260204-WA0002-1024x768.jpg 1024w, https:\/\/hegering-everswinkel.de\/wp-content\/uploads\/2026\/02\/IMG-20260204-WA0002-300x225.jpg 300w, https:\/\/hegering-everswinkel.de\/wp-content\/uploads\/2026\/02\/IMG-20260204-WA0002-768x576.jpg 768w, https:\/\/hegering-everswinkel.de\/wp-content\/uploads\/2026\/02\/IMG-20260204-WA0002-1536x1152.jpg 1536w, https:\/\/hegering-everswinkel.de\/wp-content\/uploads\/2026\/02\/IMG-20260204-WA0002.jpg 1600w\" sizes=\"auto, (max-width: 700px) 100vw, 700px\" \/>\t\t\t<\/div> <!-- mdc-card__media -->\n\t<div class=\"single-post-card__secondary body-medium single-post-card__secondary-text-above-media\">\n\t\t<p>\n\t\t\tEverswinkel &#8211; Mit insgesamt 30 Teilnehmerinnen und Teilnehmern machte sich der Hegering Everswinkel am 28. Januar 2026 um 8.15 Uhr [&hellip;]\t\t<\/p>\n\t<\/div> <!-- single-post-card__secondary -->\n\n\t\t\t<\/div> <!-- mdc-card__primary-action -->\n\t\t<\/a> <!-- mdc-card__link -->\n\n\t\t\t<div class=\"mdc-card__actions\">\n\t\t<div class=\"mdc-card__action-buttons\">\n\t\t\t\n\t\t\t\t\t\t\t<a class=\"mdc-button mdc-card__action mdc-card__action--button mdc-button__comment-count\" href=\"https:\/\/hegering-everswinkel.de\/index.php\/2026\/01\/28\/hegering-everswinkel-besuchte-jagd-hund-in-dortmund-2\/\">\n\t\t\t\t\t<span class=\"mdc-button__ripple\"><\/span>\n\t\t\t\t\t<i\n\t\t\t\t\t\tclass=\"material-icons mdc-button__icon\"\n\t\t\t\t\t\taria-hidden=\"true\"\n\t\t\t\t\t>\n\t\t\t\t\t\tcomment\n\t\t\t\t\t<\/i>\n\t\t\t\t\t<span class=\"mdc-button__label\">\n\t\t\t\t\t\t0\t\t\t\t\t<\/span>\n\t\t\t\t<\/a>\n\t\t\t\t\t<\/div> <!-- mdc-card__action-buttons -->\n\t<\/div> <!-- mdc-card__actions -->\n\n\t<\/div> <!-- single-post-card -->\n<\/div> <!-- mdc-layout-grid__cell--span-12 -->\n\n\t\t\t\n\t\t\t\t\t\t\n\t\t\t<\/div>\n<\/div>\n<\/div>\n\n\n<h2 class=\"wp-block-heading\">News<\/h2>\n\n\n<div class=\"wp-block-material-posts-list alignwide\">\n<div class=\"mdc-layout-grid layout-grid \">\n\t<div class=\"mdc-layout-grid__inner\">\n\t\t\n\t\t\t\n\t\t\t\t\n<div class=\"mdc-layout-grid__cell--span-6\">\n\t<div class=\"single-post-card single-post-basic mdc-card single-post-card__grid mdc-card--\">\n\t\t<a class=\"mdc-card__link\" href=\"https:\/\/hegering-everswinkel.de\/index.php\/2025\/05\/26\/kitzrettung\/\">\n\t\t\t<div class=\"mdc-card__primary-action single-post-card__primary-action\">\n\t\t\t\t\n<div class=\"single-post-card__primary\">\n\t<h2 class=\"single-post-card__title title-large\">\n\t\t<div>Kitzrettung<\/div>\n\t<\/h2>\n\n\t\t\t<h3 class=\"single-post-card__subtitle label-small\">\n\t\t\t<time>\n\t\t\t26.05.2025\t\t\t<\/time>\n\t\t<\/h3>\n\t<\/div> <!-- single-post-card__primary -->\n\t<div class=\"single-post-card__secondary body-medium single-post-card__secondary-text-above-media\">\n\t\t<p>\n\t\t\tSicher m\u00e4hen\u2013Lebenretten Sehr geehrte Landwirtinnen, Landwirte und Jagdaus\u00fcbungsberechtigte, mit mittlerweile zwei Drohnenteams und Erfahrung in der Wildtierrettung bieten wir Euch [&hellip;]\t\t<\/p>\n\t<\/div> <!-- single-post-card__secondary -->\n\n\t\t\t<\/div> <!-- mdc-card__primary-action -->\n\t\t<\/a> <!-- mdc-card__link -->\n\n\t\t\t<div class=\"mdc-card__actions\">\n\t\t<div class=\"mdc-card__action-buttons\">\n\t\t\t\n\t\t\t\t\t\t\t<a class=\"mdc-button mdc-card__action mdc-card__action--button mdc-button__comment-count\" href=\"https:\/\/hegering-everswinkel.de\/index.php\/2025\/05\/26\/kitzrettung\/\">\n\t\t\t\t\t<span class=\"mdc-button__ripple\"><\/span>\n\t\t\t\t\t<i\n\t\t\t\t\t\tclass=\"material-icons mdc-button__icon\"\n\t\t\t\t\t\taria-hidden=\"true\"\n\t\t\t\t\t>\n\t\t\t\t\t\tcomment\n\t\t\t\t\t<\/i>\n\t\t\t\t\t<span class=\"mdc-button__label\">\n\t\t\t\t\t\t0\t\t\t\t\t<\/span>\n\t\t\t\t<\/a>\n\t\t\t\t\t<\/div> <!-- mdc-card__action-buttons -->\n\t<\/div> <!-- mdc-card__actions -->\n\n\t<\/div> <!-- single-post-card -->\n<\/div> <!-- mdc-layout-grid__cell--span-12 -->\n\n\t\t\t\n\t\t\t\t\n<div class=\"mdc-layout-grid__cell--span-6\">\n\t<div class=\"single-post-card single-post-basic mdc-card single-post-card__grid mdc-card--\">\n\t\t<a class=\"mdc-card__link\" href=\"https:\/\/hegering-everswinkel.de\/index.php\/2025\/03\/23\/save-the-date\/\">\n\t\t\t<div class=\"mdc-card__primary-action single-post-card__primary-action\">\n\t\t\t\t\n<div class=\"single-post-card__primary\">\n\t<h2 class=\"single-post-card__title title-large\">\n\t\t<div>Save the Date<\/div>\n\t<\/h2>\n\n\t\t\t<h3 class=\"single-post-card__subtitle label-small\">\n\t\t\t<time>\n\t\t\t23.03.2025\t\t\t<\/time>\n\t\t<\/h3>\n\t<\/div> <!-- single-post-card__primary -->\n\t<div class=\"single-post-card__secondary body-medium single-post-card__secondary-text-above-media\">\n\t\t<p>\n\t\t\tJubil\u00e4um 75 Jahre\t\t<\/p>\n\t<\/div> <!-- single-post-card__secondary -->\n\n\t\t\t<\/div> <!-- mdc-card__primary-action -->\n\t\t<\/a> <!-- mdc-card__link -->\n\n\t\t\t<div class=\"mdc-card__actions\">\n\t\t<div class=\"mdc-card__action-buttons\">\n\t\t\t\n\t\t\t\t\t\t\t<a class=\"mdc-button mdc-card__action mdc-card__action--button mdc-button__comment-count\" href=\"https:\/\/hegering-everswinkel.de\/index.php\/2025\/03\/23\/save-the-date\/\">\n\t\t\t\t\t<span class=\"mdc-button__ripple\"><\/span>\n\t\t\t\t\t<i\n\t\t\t\t\t\tclass=\"material-icons mdc-button__icon\"\n\t\t\t\t\t\taria-hidden=\"true\"\n\t\t\t\t\t>\n\t\t\t\t\t\tcomment\n\t\t\t\t\t<\/i>\n\t\t\t\t\t<span class=\"mdc-button__label\">\n\t\t\t\t\t\t0\t\t\t\t\t<\/span>\n\t\t\t\t<\/a>\n\t\t\t\t\t<\/div> <!-- mdc-card__action-buttons -->\n\t<\/div> <!-- mdc-card__actions -->\n\n\t<\/div> <!-- single-post-card -->\n<\/div> <!-- mdc-layout-grid__cell--span-12 -->\n\n\t\t\t\n\t\t\t\t\t\t\n\t\t\t<\/div>\n<\/div>\n<\/div>","protected":false},"excerpt":{"rendered":"<p>Berichte News<\/p>\n","protected":false},"author":1,"featured_media":0,"parent":0,"menu_order":0,"comment_status":"closed","ping_status":"closed","template":"","meta":{"material-hide-sections":{"title":true},"footnotes":""},"class_list":["post-30","page","type-page","status-publish","hentry"],"publishpress_future_action":{"enabled":false,"date":"2026-04-19 22:10:23","action":"change-status","newStatus":"draft","terms":[],"taxonomy":"","extraData":[]},"publishpress_future_workflow_manual_trigger":{"enabledWorkflows":[]},"_links":{"self":[{"href":"https:\/\/hegering-everswinkel.de\/index.php\/wp-json\/wp\/v2\/pages\/30","targetHints":{"allow":["GET"]}}],"collection":[{"href":"https:\/\/hegering-everswinkel.de\/index.php\/wp-json\/wp\/v2\/pages"}],"about":[{"href":"https:\/\/hegering-everswinkel.de\/index.php\/wp-json\/wp\/v2\/types\/page"}],"author":[{"embeddable":true,"href":"https:\/\/hegering-everswinkel.de\/index.php\/wp-json\/wp\/v2\/users\/1"}],"replies":[{"embeddable":true,"href":"https:\/\/hegering-everswinkel.de\/index.php\/wp-json\/wp\/v2\/comments?post=30"}],"version-history":[{"count":60,"href":"https:\/\/hegering-everswinkel.de\/index.php\/wp-json\/wp\/v2\/pages\/30\/revisions"}],"predecessor-version":[{"id":2166,"href":"https:\/\/hegering-everswinkel.de\/index.php\/wp-json\/wp\/v2\/pages\/30\/revisions\/2166"}],"wp:attachment":[{"href":"https:\/\/hegering-everswinkel.de\/index.php\/wp-json\/wp\/v2\/media?parent=30"}],"curies":[{"name":"wp","href":"https:\/\/api.w.org\/{rel}","templated":true}]}}